{"id":2,"date":"2020-08-23T23:52:00","date_gmt":"2020-08-23T23:52:00","guid":{"rendered":"http:\/\/www.ortoarrels.es\/?page_id=2"},"modified":"2021-06-01T16:09:13","modified_gmt":"2021-06-01T16:09:13","slug":"inicio","status":"publish","type":"page","link":"https:\/\/ortoarrels.es\/","title":{"rendered":"Cuidamos tus pasos"},"content":{"rendered":"\n<figure class=\"wp-block-image size-large\"><img loading=\"lazy\" decoding=\"async\" width=\"1024\" height=\"327\" src=\"https:\/\/www.ortoarrels.es\/wp-content\/uploads\/2020\/03\/LOGO-ARRELS-OK-DEFINITIVO-1024x327.png\" alt=\"\" class=\"wp-image-115\" srcset=\"https:\/\/ortoarrels.es\/wp-content\/uploads\/2020\/03\/LOGO-ARRELS-OK-DEFINITIVO-1024x327.png 1024w, https:\/\/ortoarrels.es\/wp-content\/uploads\/2020\/03\/LOGO-ARRELS-OK-DEFINITIVO-350x112.png 350w, https:\/\/ortoarrels.es\/wp-content\/uploads\/2020\/03\/LOGO-ARRELS-OK-DEFINITIVO-300x96.png 300w, https:\/\/ortoarrels.es\/wp-content\/uploads\/2020\/03\/LOGO-ARRELS-OK-DEFINITIVO-768x245.png 768w, https:\/\/ortoarrels.es\/wp-content\/uploads\/2020\/03\/LOGO-ARRELS-OK-DEFINITIVO.png 1432w\" sizes=\"auto, (max-width: 767px) 89vw, (max-width: 1000px) 54vw, (max-width: 1071px) 543px, 580px\" \/><\/figure>\n\n\n<p style=\"text-align: left;\">Arrels Ortopedia T\u00e9cnica es una ortopedia especializada en calzado ortop\u00e9dico y cuidado del pie.<\/p>\n<p style=\"text-align: left;\">Contamos con nuestro propio taller en el que confeccionamos plantillas a medida y personalizadas en diferentes materiales seg\u00fan estudio de la pisada. Adaptamos tus plantillas a cualquier edad y actividad. Fabricamos plantillas para ni\u00f1os, adultos, deportistas, a partir de la valoraci\u00f3n y prescripci\u00f3n de un profesional especializado.<\/p>\n\n\n<figure class=\"wp-block-image size-large\"><img loading=\"lazy\" decoding=\"async\" width=\"1024\" height=\"683\" src=\"https:\/\/ortoarrels.es\/wp-content\/uploads\/2017\/09\/ARRELS-19-1024x683.jpg\" alt=\"\" class=\"wp-image-76\" srcset=\"https:\/\/ortoarrels.es\/wp-content\/uploads\/2017\/09\/ARRELS-19-1024x683.jpg 1024w, https:\/\/ortoarrels.es\/wp-content\/uploads\/2017\/09\/ARRELS-19-350x233.jpg 350w, https:\/\/ortoarrels.es\/wp-content\/uploads\/2017\/09\/ARRELS-19-300x200.jpg 300w, https:\/\/ortoarrels.es\/wp-content\/uploads\/2017\/09\/ARRELS-19-768x512.jpg 768w, https:\/\/ortoarrels.es\/wp-content\/uploads\/2017\/09\/ARRELS-19.jpg 1920w\" sizes=\"auto, (max-width: 767px) 89vw, (max-width: 1000px) 54vw, (max-width: 1071px) 543px, 580px\" \/><\/figure>\n\n\n\n<p class=\"has-text-align-left\">En Arrels Ortopedia T\u00e9cnica contamos con una amplia gama de calzado especializado. <\/p>\n\n\n\n<p class=\"has-text-align-left\">Distribuimos las primeras marcas en calzado ortop\u00e9dico, buscando dise\u00f1os actuales que se adapten a la forma y necesidades de cada pie. En Arrels Ortopedia T\u00e9cnica encontrar\u00e1s calzado ortop\u00e9dico de calidad para mujeres, hombres y ni\u00f1os.<\/p>\n\n\n\n<figure class=\"wp-block-image size-large\"><img loading=\"lazy\" decoding=\"async\" width=\"1024\" height=\"683\" src=\"https:\/\/www.ortoarrels.es\/wp-content\/uploads\/2020\/09\/webarrels-43-1024x683.jpg\" alt=\"\" class=\"wp-image-124\" srcset=\"https:\/\/ortoarrels.es\/wp-content\/uploads\/2020\/09\/webarrels-43-1024x683.jpg 1024w, https:\/\/ortoarrels.es\/wp-content\/uploads\/2020\/09\/webarrels-43-350x233.jpg 350w, https:\/\/ortoarrels.es\/wp-content\/uploads\/2020\/09\/webarrels-43-300x200.jpg 300w, https:\/\/ortoarrels.es\/wp-content\/uploads\/2020\/09\/webarrels-43-768x512.jpg 768w, https:\/\/ortoarrels.es\/wp-content\/uploads\/2020\/09\/webarrels-43-1536x1024.jpg 1536w, https:\/\/ortoarrels.es\/wp-content\/uploads\/2020\/09\/webarrels-43.jpg 1920w\" sizes=\"auto, (max-width: 767px) 89vw, (max-width: 1000px) 54vw, (max-width: 1071px) 543px, 580px\" \/><\/figure>\n\n\n\n<p class=\"has-text-align-left\">Colaboramos con varios centros sanitarios en Catarroja y Valencia, residencias de mayores, mutuas as\u00ed como con los profesionales sanitarios especializados. Arrels Ortopedia T\u00e9cnica es un centro autorizado y cumple los requisitos necesarios para ser proveedor de productos ortop\u00e9dicos a los usuarios del Sistema Nacional de Salud.<\/p>\n\n\n\n<figure class=\"wp-block-image size-large\"><img loading=\"lazy\" decoding=\"async\" width=\"1024\" height=\"683\" src=\"https:\/\/www.ortoarrels.es\/wp-content\/uploads\/2020\/03\/webarrels-1-1024x683.jpg\" alt=\"\" class=\"wp-image-116\" srcset=\"https:\/\/ortoarrels.es\/wp-content\/uploads\/2020\/03\/webarrels-1-1024x683.jpg 1024w, https:\/\/ortoarrels.es\/wp-content\/uploads\/2020\/03\/webarrels-1-350x233.jpg 350w, https:\/\/ortoarrels.es\/wp-content\/uploads\/2020\/03\/webarrels-1-300x200.jpg 300w, https:\/\/ortoarrels.es\/wp-content\/uploads\/2020\/03\/webarrels-1-768x512.jpg 768w, https:\/\/ortoarrels.es\/wp-content\/uploads\/2020\/03\/webarrels-1-1536x1024.jpg 1536w, https:\/\/ortoarrels.es\/wp-content\/uploads\/2020\/03\/webarrels-1-1568x1045.jpg 1568w, https:\/\/ortoarrels.es\/wp-content\/uploads\/2020\/03\/webarrels-1.jpg 1920w\" sizes=\"auto, (max-width: 767px) 89vw, (max-width: 1000px) 54vw, (max-width: 1071px) 543px, 580px\" \/><\/figure>\n\n\n\n<figure class=\"wp-block-gallery columns-2 is-cropped wp-block-gallery-1 is-layout-flex wp-block-gallery-is-layout-flex\"><ul class=\"blocks-gallery-grid\"><li class=\"blocks-gallery-item\"><figure><img loading=\"lazy\" decoding=\"async\" width=\"1024\" height=\"683\" src=\"https:\/\/www.ortoarrels.es\/wp-content\/uploads\/2020\/03\/webarrels-2-1024x683.jpg\" alt=\"\" data-id=\"117\" class=\"wp-image-117\" srcset=\"https:\/\/ortoarrels.es\/wp-content\/uploads\/2020\/03\/webarrels-2-1024x683.jpg 1024w, https:\/\/ortoarrels.es\/wp-content\/uploads\/2020\/03\/webarrels-2-350x233.jpg 350w, https:\/\/ortoarrels.es\/wp-content\/uploads\/2020\/03\/webarrels-2-300x200.jpg 300w, https:\/\/ortoarrels.es\/wp-content\/uploads\/2020\/03\/webarrels-2-768x512.jpg 768w, https:\/\/ortoarrels.es\/wp-content\/uploads\/2020\/03\/webarrels-2-1536x1024.jpg 1536w, https:\/\/ortoarrels.es\/wp-content\/uploads\/2020\/03\/webarrels-2-1568x1045.jpg 1568w, https:\/\/ortoarrels.es\/wp-content\/uploads\/2020\/03\/webarrels-2.jpg 1920w\" sizes=\"auto, (max-width: 767px) 89vw, (max-width: 1000px) 54vw, (max-width: 1071px) 543px, 580px\" \/><\/figure><\/li><li class=\"blocks-gallery-item\"><figure><img loading=\"lazy\" decoding=\"async\" width=\"1024\" height=\"683\" src=\"https:\/\/www.ortoarrels.es\/wp-content\/uploads\/2020\/03\/webarrels-3-1-1024x683.jpg\" alt=\"\" data-id=\"119\" data-full-url=\"https:\/\/www.ortoarrels.es\/wp-content\/uploads\/2020\/03\/webarrels-3-1.jpg\" data-link=\"https:\/\/www.ortoarrels.es\/?attachment_id=119\" class=\"wp-image-119\" srcset=\"https:\/\/ortoarrels.es\/wp-content\/uploads\/2020\/03\/webarrels-3-1-1024x683.jpg 1024w, https:\/\/ortoarrels.es\/wp-content\/uploads\/2020\/03\/webarrels-3-1-350x233.jpg 350w, https:\/\/ortoarrels.es\/wp-content\/uploads\/2020\/03\/webarrels-3-1-300x200.jpg 300w, https:\/\/ortoarrels.es\/wp-content\/uploads\/2020\/03\/webarrels-3-1-768x512.jpg 768w, https:\/\/ortoarrels.es\/wp-content\/uploads\/2020\/03\/webarrels-3-1-1536x1024.jpg 1536w, https:\/\/ortoarrels.es\/wp-content\/uploads\/2020\/03\/webarrels-3-1-1568x1045.jpg 1568w, https:\/\/ortoarrels.es\/wp-content\/uploads\/2020\/03\/webarrels-3-1.jpg 1920w\" sizes=\"auto, (max-width: 767px) 89vw, (max-width: 1000px) 54vw, (max-width: 1071px) 543px, 580px\" \/><\/figure><\/li><\/ul><\/figure>\n\n\n\n<h2 class=\"has-text-color wp-block-heading\" style=\"color:#02465a\"><strong>En Arrels Ortopedia cuidamos de ti <\/strong><\/h2>\n\n\n\n<p><\/p>\n","protected":false},"excerpt":{"rendered":"<p>Arrels Ortopedia T\u00e9cnica es una ortopedia especializada en calzado ortop\u00e9dico y cuidado del pie. Contamos con nuestro propio taller en el que confeccionamos plantillas a medida y personalizadas en diferentes materiales seg\u00fan estudio de la pisada. Adaptamos tus plantillas a cualquier edad y actividad. Fabricamos plantillas para ni\u00f1os, adultos, deportistas, a partir de la valoraci\u00f3n &hellip; <\/p>\n<p class=\"link-more\"><a href=\"https:\/\/ortoarrels.es\/\" class=\"more-link\">Continuar leyendo<span class=\"screen-reader-text\"> \u00abCuidamos tus pasos\u00bb<\/span><\/a><\/p>\n","protected":false},"author":1,"featured_media":0,"parent":0,"menu_order":0,"comment_status":"closed","ping_status":"closed","template":"","meta":{"footnotes":""},"class_list":["post-2","page","type-page","status-publish","hentry"],"_links":{"self":[{"href":"https:\/\/ortoarrels.es\/index.php\/wp-json\/wp\/v2\/pages\/2","targetHints":{"allow":["GET"]}}],"collection":[{"href":"https:\/\/ortoarrels.es\/index.php\/wp-json\/wp\/v2\/pages"}],"about":[{"href":"https:\/\/ortoarrels.es\/index.php\/wp-json\/wp\/v2\/types\/page"}],"author":[{"embeddable":true,"href":"https:\/\/ortoarrels.es\/index.php\/wp-json\/wp\/v2\/users\/1"}],"replies":[{"embeddable":true,"href":"https:\/\/ortoarrels.es\/index.php\/wp-json\/wp\/v2\/comments?post=2"}],"version-history":[{"count":8,"href":"https:\/\/ortoarrels.es\/index.php\/wp-json\/wp\/v2\/pages\/2\/revisions"}],"predecessor-version":[{"id":213,"href":"https:\/\/ortoarrels.es\/index.php\/wp-json\/wp\/v2\/pages\/2\/revisions\/213"}],"wp:attachment":[{"href":"https:\/\/ortoarrels.es\/index.php\/wp-json\/wp\/v2\/media?parent=2"}],"curies":[{"name":"wp","href":"https:\/\/api.w.org\/{rel}","templated":true}]}}